{"id":370,"date":"2023-05-01T14:10:00","date_gmt":"2023-05-01T17:10:00","guid":{"rendered":"https:\/\/festimel.com.br\/?page_id=370"},"modified":"2023-05-05T07:29:23","modified_gmt":"2023-05-05T10:29:23","slug":"hospedagens","status":"publish","type":"page","link":"https:\/\/festimel.com.br\/index.php\/hospedagens\/","title":{"rendered":"Hospedagens"},"content":{"rendered":"\t\t<div data-elementor-type=\"wp-page\" data-elementor-id=\"370\" class=\"elementor elementor-370\">\n\t\t\t\t\t\t\t\t\t<section class=\"elementor-section elementor-top-section elementor-element elementor-element-f3d8dc9 elementor-section-boxed elementor-section-height-default elementor-section-height-default\" data-id=\"f3d8dc9\" data-element_type=\"section\" data-settings=\"{&quot;background_background&quot;:&quot;classic&quot;}\">\n\t\t\t\t\t\t<div class=\"elementor-container elementor-column-gap-default\">\n\t\t\t\t\t<div class=\"elementor-column elementor-col-100 elementor-top-column elementor-element elementor-element-e27fc45\" data-id=\"e27fc45\" data-element_type=\"column\">\n\t\t\t<div class=\"elementor-widget-wrap elementor-element-populated\">\n\t\t\t\t\t\t\t\t<div class=\"elementor-element elementor-element-8fed41b elementor-widget elementor-widget-heading\" data-id=\"8fed41b\" data-element_type=\"widget\" data-widget_type=\"heading.default\">\n\t\t\t\t<div class=\"elementor-widget-container\">\n\t\t\t<style>\/*! elementor - v3.13.2 - 11-05-2023 *\/\n.elementor-heading-title{padding:0;margin:0;line-height:1}.elementor-widget-heading .elementor-heading-title[class*=elementor-size-]>a{color:inherit;font-size:inherit;line-height:inherit}.elementor-widget-heading .elementor-heading-title.elementor-size-small{font-size:15px}.elementor-widget-heading .elementor-heading-title.elementor-size-medium{font-size:19px}.elementor-widget-heading .elementor-heading-title.elementor-size-large{font-size:29px}.elementor-widget-heading .elementor-heading-title.elementor-size-xl{font-size:39px}.elementor-widget-heading .elementor-heading-title.elementor-size-xxl{font-size:59px}<\/style><h1 class=\"elementor-heading-title elementor-size-default\">HOSPEDAGENS<\/h1>\t\t<\/div>\n\t\t\t\t<\/div>\n\t\t\t\t\t<\/div>\n\t\t<\/div>\n\t\t\t\t\t\t\t<\/div>\n\t\t<\/section>\n\t\t\t\t<section class=\"elementor-section elementor-top-section elementor-element elementor-element-e48a828 elementor-section-height-min-height elementor-section-boxed elementor-section-height-default elementor-section-items-middle\" data-id=\"e48a828\" data-element_type=\"section\">\n\t\t\t\t\t\t<div class=\"elementor-container elementor-column-gap-default\">\n\t\t\t\t\t<div class=\"elementor-column elementor-col-100 elementor-top-column elementor-element elementor-element-75afff4\" data-id=\"75afff4\" data-element_type=\"column\">\n\t\t\t<div class=\"elementor-widget-wrap elementor-element-populated\">\n\t\t\t\t\t\t\t\t<div class=\"elementor-element elementor-element-28f9251 elementor-widget elementor-widget-heading\" data-id=\"28f9251\" data-element_type=\"widget\" data-widget_type=\"heading.default\">\n\t\t\t\t<div class=\"elementor-widget-container\">\n\t\t\t<h2 class=\"elementor-heading-title elementor-size-default\">HOSPEDAGENS EM BALEN\u00c1RIO PINHAL\/MAGIST\u00c9RIO<\/h2>\t\t<\/div>\n\t\t\t\t<\/div>\n\t\t\t\t<div class=\"elementor-element elementor-element-30487c3 elementor-tabs-alignment-stretch elementor-hidden-mobile elementor-tabs-view-horizontal elementor-widget elementor-widget-tabs\" data-id=\"30487c3\" data-element_type=\"widget\" data-widget_type=\"tabs.default\">\n\t\t\t\t<div class=\"elementor-widget-container\">\n\t\t\t<style>\/*! elementor - v3.13.2 - 11-05-2023 *\/\n.elementor-widget-tabs.elementor-tabs-view-vertical .elementor-tabs-wrapper{width:25%;flex-shrink:0}.elementor-widget-tabs.elementor-tabs-view-vertical .elementor-tab-desktop-title.elementor-active{border-right-style:none}.elementor-widget-tabs.elementor-tabs-view-vertical .elementor-tab-desktop-title.elementor-active:after,.elementor-widget-tabs.elementor-tabs-view-vertical .elementor-tab-desktop-title.elementor-active:before{height:999em;width:0;right:0;border-right-style:solid}.elementor-widget-tabs.elementor-tabs-view-vertical .elementor-tab-desktop-title.elementor-active:before{top:0;transform:translateY(-100%)}.elementor-widget-tabs.elementor-tabs-view-vertical .elementor-tab-desktop-title.elementor-active:after{top:100%}.elementor-widget-tabs.elementor-tabs-view-horizontal .elementor-tab-desktop-title{display:table-cell}.elementor-widget-tabs.elementor-tabs-view-horizontal .elementor-tab-desktop-title.elementor-active{border-bottom-style:none}.elementor-widget-tabs.elementor-tabs-view-horizontal .elementor-tab-desktop-title.elementor-active:after,.elementor-widget-tabs.elementor-tabs-view-horizontal .elementor-tab-desktop-title.elementor-active:before{bottom:0;height:0;width:999em;border-bottom-style:solid}.elementor-widget-tabs.elementor-tabs-view-horizontal .elementor-tab-desktop-title.elementor-active:before{right:100%}.elementor-widget-tabs.elementor-tabs-view-horizontal .elementor-tab-desktop-title.elementor-active:after{left:100%}.elementor-widget-tabs .elementor-tab-content,.elementor-widget-tabs .elementor-tab-title,.elementor-widget-tabs .elementor-tab-title:after,.elementor-widget-tabs .elementor-tab-title:before,.elementor-widget-tabs .elementor-tabs-content-wrapper{border:1px #d5d8dc}.elementor-widget-tabs .elementor-tabs{text-align:left}.elementor-widget-tabs .elementor-tabs-wrapper{overflow:hidden}.elementor-widget-tabs .elementor-tab-title{cursor:pointer;outline:var(--focus-outline,none)}.elementor-widget-tabs .elementor-tab-desktop-title{position:relative;padding:20px 25px;font-weight:700;line-height:1;border:solid transparent}.elementor-widget-tabs .elementor-tab-desktop-title.elementor-active{border-color:#d5d8dc}.elementor-widget-tabs .elementor-tab-desktop-title.elementor-active:after,.elementor-widget-tabs .elementor-tab-desktop-title.elementor-active:before{display:block;content:\"\";position:absolute}.elementor-widget-tabs .elementor-tab-desktop-title:focus-visible{border:1px solid #000}.elementor-widget-tabs .elementor-tab-mobile-title{padding:10px;cursor:pointer}.elementor-widget-tabs .elementor-tab-content{padding:20px;display:none}@media (max-width:767px){.elementor-tabs .elementor-tab-content,.elementor-tabs .elementor-tab-title{border-style:solid solid none}.elementor-tabs .elementor-tabs-wrapper{display:none}.elementor-tabs .elementor-tabs-content-wrapper{border-bottom-style:solid}.elementor-tabs .elementor-tab-content{padding:10px}}@media (min-width:768px){.elementor-widget-tabs.elementor-tabs-view-vertical .elementor-tabs{display:flex}.elementor-widget-tabs.elementor-tabs-view-vertical .elementor-tabs-wrapper{flex-direction:column}.elementor-widget-tabs.elementor-tabs-view-vertical .elementor-tabs-content-wrapper{flex-grow:1;border-style:solid solid solid none}.elementor-widget-tabs.elementor-tabs-view-horizontal .elementor-tab-content{border-style:none solid solid}.elementor-widget-tabs.elementor-tabs-alignment-center .elementor-tabs-wrapper,.elementor-widget-tabs.elementor-tabs-alignment-end .elementor-tabs-wrapper,.elementor-widget-tabs.elementor-tabs-alignment-stretch .elementor-tabs-wrapper{display:flex}.elementor-widget-tabs.elementor-tabs-alignment-center .elementor-tabs-wrapper{justify-content:center}.elementor-widget-tabs.elementor-tabs-alignment-end .elementor-tabs-wrapper{justify-content:flex-end}.elementor-widget-tabs.elementor-tabs-alignment-stretch.elementor-tabs-view-horizontal .elementor-tab-title{width:100%}.elementor-widget-tabs.elementor-tabs-alignment-stretch.elementor-tabs-view-vertical .elementor-tab-title{height:100%}.elementor-tabs .elementor-tab-mobile-title{display:none}}<\/style>\t\t<div class=\"elementor-tabs\">\n\t\t\t<div class=\"elementor-tabs-wrapper\" role=\"tablist\" >\n\t\t\t\t\t\t\t\t\t<div id=\"elementor-tab-title-5061\" class=\"elementor-tab-title elementor-tab-desktop-title\" aria-selected=\"true\" data-tab=\"1\" role=\"tab\" tabindex=\"0\" aria-controls=\"elementor-tab-content-5061\" aria-expanded=\"false\"><\/div>\n\t\t\t\t\t\t\t<\/div>\n\t\t\t<div class=\"elementor-tabs-content-wrapper\" role=\"tablist\" aria-orientation=\"vertical\">\n\t\t\t\t\t\t\t\t\t<div class=\"elementor-tab-title elementor-tab-mobile-title\" aria-selected=\"true\" data-tab=\"1\" role=\"tab\" tabindex=\"0\" aria-controls=\"elementor-tab-content-5061\" aria-expanded=\"false\"><\/div>\n\t\t\t\t\t<div id=\"elementor-tab-content-5061\" class=\"elementor-tab-content elementor-clearfix\" data-tab=\"1\" role=\"tabpanel\" aria-labelledby=\"elementor-tab-title-5061\" tabindex=\"0\" hidden=\"false\"><table width=\"686\"><tbody><tr><td width=\"134\"><p><strong>NOME<\/strong><\/p><\/td><td width=\"168\"><p><strong>TELEFONE<\/strong><\/p><\/td><td width=\"142\"><p><strong>ENDERE\u00c7O<\/strong><\/p><\/td><td width=\"241\"><p><strong>SERVI\u00c7OS PRINCIPAIS<\/strong><\/p><\/td><\/tr><tr><td width=\"134\"><p><strong>Hotel Mar Navegantes<\/strong><\/p><\/td><td width=\"168\"><p><strong>(51) 99548-8568<\/strong><\/p><\/td><td width=\"142\"><p><strong>Nossa senhora dos navegantes &#8211; 728<\/strong><\/p><\/td><td width=\"241\"><p><strong>Internet gratuita, televis\u00e3o, ventilador, frigobar, caf\u00e9 da manh\u00e3, possui nota fiscal, estacionamento privativo.<\/strong><\/p><\/td><\/tr><tr><td width=\"134\"><p><strong>Pousada Bassani<\/strong><\/p><\/td><td width=\"168\"><p><strong>(51) 98527-5575<\/strong><\/p><\/td><td width=\"142\"><p><strong>Carlos cazaletti filho &#8211; 754<\/strong><\/p><\/td><td width=\"241\"><p><strong>Internet gratuita, televis\u00e3o, ventilador, frigobar, caf\u00e9 da manh\u00e3, possui nota fiscal, piscina t\u00e9rmica coberta.<\/strong><\/p><\/td><\/tr><tr><td width=\"134\"><p><strong>Pousada Gislip<\/strong><\/p><\/td><td width=\"168\"><p><strong>(51) 99258-3413<\/strong><\/p><\/td><td width=\"142\"><p><strong>S\u00e3o Jeronimo \u2013 765, Magist\u00e9rio<\/strong><\/p><\/td><td width=\"241\"><p><strong>Internet gratuita, Ar condicionado, ventilador, frigobar, suit, estacionamento privativo, possui nota fiscal.<\/strong><\/p><\/td><\/tr><tr><td width=\"134\"><p><strong>Pousada Colibris<\/strong><\/p><\/td><td width=\"168\"><p><strong>(51) 99599-5902<\/strong><\/p><\/td><td width=\"142\"><p><strong>Carlos cazaletti filho &#8211; 21<\/strong><\/p><\/td><td width=\"241\"><p><strong>Internet gratuita, televis\u00e3o, ventilador, frigobar, piscina, estacionamento privativo, possui nota fiscal.<\/strong><\/p><\/td><\/tr><tr><td width=\"134\"><p><strong>Pousada Pegadas na Areia<\/strong><\/p><\/td><td width=\"168\"><p><strong>(51) 98517-8293<\/strong><\/p><\/td><td width=\"142\"><p><strong>Salzano V da cunha \u2013 147, Magist\u00e9rio<\/strong><\/p><\/td><td width=\"241\"><p><strong>Internet gratuita, televis\u00e3o, ventilador, frigobar, estacionamento privativo, possui nota fiscal.<\/strong><\/p><\/td><\/tr><tr><td width=\"134\"><p><strong>Pousada do Jorge<\/strong><\/p><\/td><td width=\"168\"><p><strong>(51) 99139-1918<\/strong><\/p><\/td><td width=\"142\"><p><strong>Av. It\u00e1lia &#8211; 2517<\/strong><\/p><\/td><td width=\"241\"><p><strong>Internet gratuito, televis\u00e3o, ventilador, estacionamento privativo, possui nota fiscal.<\/strong><\/p><\/td><\/tr><tr><td width=\"134\"><p><strong>Pousada Kikamar<\/strong><\/p><\/td><td width=\"168\"><p><strong>(51) 99821-7556<\/strong><\/p><\/td><td width=\"142\"><p><strong>Travessa 23 &#8211; 40<\/strong><\/p><\/td><td width=\"241\"><p><strong>Internet gratuita, estacionamento privativo, utens\u00edlios dom\u00e9sticos, possui nota fiscal.<\/strong><\/p><\/td><\/tr><tr><td width=\"134\"><p><strong>Pousada Lagosta<\/strong><\/p><\/td><td width=\"168\"><p><strong>(51) 99623-4681<\/strong><\/p><\/td><td width=\"142\"><p><strong>R. Lagosta \u2013 141<\/strong><\/p><\/td><td width=\"241\"><p><strong>Internet gratuita, televis\u00e3o, estacionamento privativo, aceita animais de estima\u00e7\u00e3o.<\/strong><\/p><\/td><\/tr><tr><td width=\"134\"><p><strong>Pousada Recanto das Palmeiras<\/strong><\/p><\/td><td width=\"168\"><p><strong>(51) 99776-6220<\/strong><\/p><\/td><td width=\"142\"><p><strong>R. S\u00e3o Borja &#8211; 72<\/strong><\/p><\/td><td width=\"241\"><p><strong>Internet gratuita, televis\u00e3o, ventilador, estacionamento privativo.<\/strong><\/p><\/td><\/tr><\/tbody><\/table><p>\u00a0<\/p><\/div>\n\t\t\t\t\t\t\t<\/div>\n\t\t<\/div>\n\t\t\t\t<\/div>\n\t\t\t\t<\/div>\n\t\t\t\t<div class=\"elementor-element elementor-element-f561a76 elementor-align-center elementor-widget elementor-widget-button\" data-id=\"f561a76\" data-element_type=\"widget\" data-widget_type=\"button.default\">\n\t\t\t\t<div class=\"elementor-widget-container\">\n\t\t\t\t\t<div class=\"elementor-button-wrapper\">\n\t\t\t<a href=\"\" target=\"_blank\" class=\"elementor-button-link elementor-button elementor-size-lg\" role=\"button\">\n\t\t\t\t\t\t<span class=\"elementor-button-content-wrapper\">\n\t\t\t\t\t\t<span class=\"elementor-button-text\">BAIXE AQUI - LISTAGEM DE HOSPEDAGENS EM BALEN\u00c1RIO PINHAL\/MAGIST\u00c9RIO<\/span>\n\t\t<\/span>\n\t\t\t\t\t<\/a>\n\t\t<\/div>\n\t\t\t\t<\/div>\n\t\t\t\t<\/div>\n\t\t\t\t\t<\/div>\n\t\t<\/div>\n\t\t\t\t\t\t\t<\/div>\n\t\t<\/section>\n\t\t\t\t\t\t\t<\/div>\n\t\t","protected":false},"excerpt":{"rendered":"<p>HOSPEDAGENS HOSPEDAGENS EM BALEN\u00c1RIO PINHAL\/MAGIST\u00c9RIO NOME TELEFONE ENDERE\u00c7O SERVI\u00c7OS PRINCIPAIS Hotel Mar Navegantes (51) 99548-8568 Nossa senhora dos navegantes &#8211; 728 Internet gratuita, televis\u00e3o, ventilador, frigobar, caf\u00e9 da manh\u00e3, possui nota fiscal, estacionamento privativo. Pousada Bassani (51) 98527-5575 Carlos cazaletti filho &#8211; 754 Internet gratuita, televis\u00e3o, ventilador, frigobar, caf\u00e9 da manh\u00e3, possui nota fiscal, piscina &hellip;<\/p>\n<p class=\"read-more\"> <a class=\"\" href=\"https:\/\/festimel.com.br\/index.php\/hospedagens\/\"> <span class=\"screen-reader-text\">Hospedagens<\/span> Leia mais &raquo;<\/a><\/p>\n","protected":false},"author":1,"featured_media":0,"parent":0,"menu_order":0,"comment_status":"closed","ping_status":"closed","template":"","meta":{"_uag_custom_page_level_css":"","site-sidebar-layout":"no-sidebar","site-content-layout":"page-builder","ast-global-header-display":"","ast-main-header-display":"","ast-hfb-above-header-display":"","ast-hfb-below-header-display":"","ast-hfb-mobile-header-display":"","site-post-title":"disabled","ast-breadcrumbs-content":"","ast-featured-img":"disabled","footer-sml-layout":"","theme-transparent-header-meta":"","adv-header-id-meta":"","stick-header-meta":"","header-above-stick-meta":"","header-main-stick-meta":"","header-below-stick-meta":""},"uagb_featured_image_src":{"full":false,"thumbnail":false,"medium":false,"medium_large":false,"large":false,"1536x1536":false,"2048x2048":false},"uagb_author_info":{"display_name":"gmail.com","author_link":"https:\/\/festimel.com.br\/index.php\/author\/gmail-com\/"},"uagb_comment_info":0,"uagb_excerpt":"HOSPEDAGENS HOSPEDAGENS EM BALEN\u00c1RIO PINHAL\/MAGIST\u00c9RIO NOME TELEFONE ENDERE\u00c7O SERVI\u00c7OS PRINCIPAIS Hotel Mar Navegantes (51) 99548-8568 Nossa senhora dos navegantes &#8211; 728 Internet gratuita, televis\u00e3o, ventilador, frigobar, caf\u00e9 da manh\u00e3, possui nota fiscal, estacionamento privativo. Pousada Bassani (51) 98527-5575 Carlos cazaletti filho &#8211; 754 Internet gratuita, televis\u00e3o, ventilador, frigobar, caf\u00e9 da manh\u00e3, possui nota fiscal, piscina&hellip;","_links":{"self":[{"href":"https:\/\/festimel.com.br\/index.php\/wp-json\/wp\/v2\/pages\/370"}],"collection":[{"href":"https:\/\/festimel.com.br\/index.php\/wp-json\/wp\/v2\/pages"}],"about":[{"href":"https:\/\/festimel.com.br\/index.php\/wp-json\/wp\/v2\/types\/page"}],"author":[{"embeddable":true,"href":"https:\/\/festimel.com.br\/index.php\/wp-json\/wp\/v2\/users\/1"}],"replies":[{"embeddable":true,"href":"https:\/\/festimel.com.br\/index.php\/wp-json\/wp\/v2\/comments?post=370"}],"version-history":[{"count":13,"href":"https:\/\/festimel.com.br\/index.php\/wp-json\/wp\/v2\/pages\/370\/revisions"}],"predecessor-version":[{"id":477,"href":"https:\/\/festimel.com.br\/index.php\/wp-json\/wp\/v2\/pages\/370\/revisions\/477"}],"wp:attachment":[{"href":"https:\/\/festimel.com.br\/index.php\/wp-json\/wp\/v2\/media?parent=370"}],"curies":[{"name":"wp","href":"https:\/\/api.w.org\/{rel}","templated":true}]}}